{"id":238,"date":"2022-12-18T14:44:19","date_gmt":"2022-12-18T13:44:19","guid":{"rendered":"https:\/\/www.jazierkalukas.sk\/?page_id=238"},"modified":"2022-12-20T22:59:21","modified_gmt":"2022-12-20T21:59:21","slug":"videogaleria","status":"publish","type":"page","link":"https:\/\/www.jazierkalukas.sk\/?page_id=238","title":{"rendered":"Videogal\u00e9ria"},"content":{"rendered":"\t\t<div data-elementor-type=\"wp-page\" data-elementor-id=\"238\" class=\"elementor elementor-238\">\n\t\t\t\t\t\t\t\t\t<div class=\"elementor-section elementor-top-section elementor-element elementor-element-21ce7b3e elementor-section-boxed elementor-section-height-default elementor-section-height-default\" data-id=\"21ce7b3e\" data-element_type=\"section\" data-settings=\"{&quot;background_background&quot;:&quot;classic&quot;}\">\n\t\t\t\t\t\t<div class=\"elementor-container elementor-column-gap-default\">\n\t\t\t\t\t<div class=\"elementor-column elementor-col-100 elementor-top-column elementor-element elementor-element-31a57b8e\" data-id=\"31a57b8e\" data-element_type=\"column\">\n\t\t\t<div class=\"elementor-widget-wrap elementor-element-populated\">\n\t\t\t\t\t\t\t\t<div class=\"elementor-element elementor-element-ade1def elementor-widget elementor-widget-shortcode\" data-id=\"ade1def\" data-element_type=\"widget\" data-widget_type=\"shortcode.default\">\n\t\t\t\t<div class=\"elementor-widget-container\">\n\t\t\t\t\t<div class=\"elementor-shortcode\">\n<div id=\"ayg-9ddde3bbaaf2464e1f5941d7be043c2b\" class=\"ayg ayg-theme-classic\" data-params='{\"uid\":\"9ddde3bbaaf2464e1f5941d7be043c2b\",\"autoplay\":0,\"loop\":0,\"controls\":1,\"modestbranding\":1,\"cc_load_policy\":0,\"iv_load_policy\":0,\"hl\":\"\",\"cc_lang_pref\":\"\",\"autoadvance\":0,\"player_title\":0,\"player_description\":0}'>\n    <!-- Player -->\n    <div class=\"ayg-player\">\n        <div class=\"ayg-player-wrapper\" style=\"padding-bottom: 56.25%;\">\n            <iframe loading=\"lazy\" id=\"ayg-player-9ddde3bbaaf2464e1f5941d7be043c2b\" class=\"ayg-player-iframe\" width=\"100%\" height=\"100%\" src=\"https:\/\/www.youtube.com\/embed\/x5R139kD5TE\" data-id=\"x5R139kD5TE\" frameborder=\"0\" allow=\"accelerometer; autoplay; encrypted-media; gyroscope; picture-in-picture\" allowfullscreen><\/iframe>        <\/div>\n\n        <div class=\"ayg-player-caption\">\n            \n                    <\/div>\n    <\/div>\n\n    <!-- Gallery -->\n    <div class=\"ayg-gallery ayg-row\">\n                    <div class=\"ayg-item ayg-active ayg-col ayg-col-3\">\n                \n<div class=\"ayg-thumbnail\" data-id=\"x5R139kD5TE\" data-title=\"K\u00fapacie jazierko, ktor\u00e9 spln\u00ed v\u0161etky Va\u0161e sny o RELAXE !?\" data-url=\"\">\n    <div class=\"ayg-thumbnail-image-wrapper\">\n                <img decoding=\"async\" src=\"https:\/\/i.ytimg.com\/vi\/x5R139kD5TE\/hqdefault.jpg\" class=\"ayg-thumbnail-image\" alt=\"K\u00fapacie jazierko, ktor\u00e9 spln\u00ed v\u0161etky Va\u0161e sny o RELAXE !?\" \/>\n\n        <svg class=\"ayg-icon ayg-thumbnail-icon-play\" width=\"32\" height=\"32\" viewBox=\"0 0 32 32\" fill=\"#fff\">\n            <path d=\"M16 0c-8.837 0-16 7.163-16 16s7.163 16 16 16 16-7.163 16-16-7.163-16-16-16zM16 29c-7.18 0-13-5.82-13-13s5.82-13 13-13 13 5.82 13 13-5.82 13-13 13zM12 9l12 7-12 7z\"><\/path>\n        <\/svg>\n\n        <div class=\"ayg-thumbnail-active\" style=\"display: none;\">active<\/div>\n    <\/div>\n\n    <div class=\"ayg-thumbnail-caption\">\n         \n\n        \n            <\/div>           \n<\/div>            <\/div>\n                    <div class=\"ayg-item ayg-col ayg-col-3\">\n                \n<div class=\"ayg-thumbnail\" data-id=\"snT6gbJgmko\" data-title=\"Inovat\u00edvne projekty z\u00e1hradn\u00fdch jazierok #jazierka #ponds #garden\" data-url=\"\">\n    <div class=\"ayg-thumbnail-image-wrapper\">\n                <img decoding=\"async\" src=\"https:\/\/i.ytimg.com\/vi\/snT6gbJgmko\/hqdefault.jpg\" class=\"ayg-thumbnail-image\" alt=\"Inovat\u00edvne projekty z\u00e1hradn\u00fdch jazierok #jazierka #ponds #garden\" \/>\n\n        <svg class=\"ayg-icon ayg-thumbnail-icon-play\" width=\"32\" height=\"32\" viewBox=\"0 0 32 32\" fill=\"#fff\">\n            <path d=\"M16 0c-8.837 0-16 7.163-16 16s7.163 16 16 16 16-7.163 16-16-7.163-16-16-16zM16 29c-7.18 0-13-5.82-13-13s5.82-13 13-13 13 5.82 13 13-5.82 13-13 13zM12 9l12 7-12 7z\"><\/path>\n        <\/svg>\n\n        <div class=\"ayg-thumbnail-active\" style=\"display: none;\">active<\/div>\n    <\/div>\n\n    <div class=\"ayg-thumbnail-caption\">\n         \n\n        \n            <\/div>           \n<\/div>            <\/div>\n                    <div class=\"ayg-item ayg-col ayg-col-3\">\n                \n<div class=\"ayg-thumbnail\" data-id=\"RzeGG46Tspw\" data-title=\"Musel n\u00e1m pom\u00e1ha\u0165 aj \u017eeriav! Pozrite si stavbu tohto ve\u013ek\u00e9ho jazera v n\u00e1dhernom okol\u00ed.\" data-url=\"\">\n    <div class=\"ayg-thumbnail-image-wrapper\">\n                <img decoding=\"async\" src=\"https:\/\/i.ytimg.com\/vi\/RzeGG46Tspw\/hqdefault.jpg\" class=\"ayg-thumbnail-image\" alt=\"Musel n\u00e1m pom\u00e1ha\u0165 aj \u017eeriav! Pozrite si stavbu tohto ve\u013ek\u00e9ho jazera v n\u00e1dhernom okol\u00ed.\" \/>\n\n        <svg class=\"ayg-icon ayg-thumbnail-icon-play\" width=\"32\" height=\"32\" viewBox=\"0 0 32 32\" fill=\"#fff\">\n            <path d=\"M16 0c-8.837 0-16 7.163-16 16s7.163 16 16 16 16-7.163 16-16-7.163-16-16-16zM16 29c-7.18 0-13-5.82-13-13s5.82-13 13-13 13 5.82 13 13-5.82 13-13 13zM12 9l12 7-12 7z\"><\/path>\n        <\/svg>\n\n        <div class=\"ayg-thumbnail-active\" style=\"display: none;\">active<\/div>\n    <\/div>\n\n    <div class=\"ayg-thumbnail-caption\">\n         \n\n        \n            <\/div>           \n<\/div>            <\/div>\n                    <div class=\"ayg-item ayg-col ayg-col-3\">\n                \n<div class=\"ayg-thumbnail\" data-id=\"TWcddjaICEc\" data-title=\"Kombin\u00e1cia \u017eulov\u00fdch okruhliakov a rozchodn\u00edka pri jazierku je n\u00e1dhern\u00e1 !\" data-url=\"\">\n    <div class=\"ayg-thumbnail-image-wrapper\">\n                <img decoding=\"async\" src=\"https:\/\/i.ytimg.com\/vi\/TWcddjaICEc\/hqdefault.jpg\" class=\"ayg-thumbnail-image\" alt=\"Kombin\u00e1cia \u017eulov\u00fdch okruhliakov a rozchodn\u00edka pri jazierku je n\u00e1dhern\u00e1 !\" \/>\n\n        <svg class=\"ayg-icon ayg-thumbnail-icon-play\" width=\"32\" height=\"32\" viewBox=\"0 0 32 32\" fill=\"#fff\">\n            <path d=\"M16 0c-8.837 0-16 7.163-16 16s7.163 16 16 16 16-7.163 16-16-7.163-16-16-16zM16 29c-7.18 0-13-5.82-13-13s5.82-13 13-13 13 5.82 13 13-5.82 13-13 13zM12 9l12 7-12 7z\"><\/path>\n        <\/svg>\n\n        <div class=\"ayg-thumbnail-active\" style=\"display: none;\">active<\/div>\n    <\/div>\n\n    <div class=\"ayg-thumbnail-caption\">\n         \n\n        \n            <\/div>           \n<\/div>            <\/div>\n                    <div class=\"ayg-item ayg-col ayg-col-3\">\n                \n<div class=\"ayg-thumbnail\" data-id=\"BFNLhE6cMHw\" data-title=\"Postavili sme k\u00fapacie jazero s pr\u00edrodne vyzeraj\u00facim okol\u00edm\" data-url=\"\">\n    <div class=\"ayg-thumbnail-image-wrapper\">\n                <img decoding=\"async\" src=\"https:\/\/i.ytimg.com\/vi\/BFNLhE6cMHw\/hqdefault.jpg\" class=\"ayg-thumbnail-image\" alt=\"Postavili sme k\u00fapacie jazero s pr\u00edrodne vyzeraj\u00facim okol\u00edm\" \/>\n\n        <svg class=\"ayg-icon ayg-thumbnail-icon-play\" width=\"32\" height=\"32\" viewBox=\"0 0 32 32\" fill=\"#fff\">\n            <path d=\"M16 0c-8.837 0-16 7.163-16 16s7.163 16 16 16 16-7.163 16-16-7.163-16-16-16zM16 29c-7.18 0-13-5.82-13-13s5.82-13 13-13 13 5.82 13 13-5.82 13-13 13zM12 9l12 7-12 7z\"><\/path>\n        <\/svg>\n\n        <div class=\"ayg-thumbnail-active\" style=\"display: none;\">active<\/div>\n    <\/div>\n\n    <div class=\"ayg-thumbnail-caption\">\n         \n\n        \n            <\/div>           \n<\/div>            <\/div>\n                    <div class=\"ayg-item ayg-col ayg-col-3\">\n                \n<div class=\"ayg-thumbnail\" data-id=\"L4vGy2j60T4\" data-title=\"Z\u00e1hradn\u00e9 jazierko pre KOI s kr\u00e1snym okol\u00edm.\" data-url=\"\">\n    <div class=\"ayg-thumbnail-image-wrapper\">\n                <img decoding=\"async\" src=\"https:\/\/i.ytimg.com\/vi\/L4vGy2j60T4\/hqdefault.jpg\" class=\"ayg-thumbnail-image\" alt=\"Z\u00e1hradn\u00e9 jazierko pre KOI s kr\u00e1snym okol\u00edm.\" \/>\n\n        <svg class=\"ayg-icon ayg-thumbnail-icon-play\" width=\"32\" height=\"32\" viewBox=\"0 0 32 32\" fill=\"#fff\">\n            <path d=\"M16 0c-8.837 0-16 7.163-16 16s7.163 16 16 16 16-7.163 16-16-7.163-16-16-16zM16 29c-7.18 0-13-5.82-13-13s5.82-13 13-13 13 5.82 13 13-5.82 13-13 13zM12 9l12 7-12 7z\"><\/path>\n        <\/svg>\n\n        <div class=\"ayg-thumbnail-active\" style=\"display: none;\">active<\/div>\n    <\/div>\n\n    <div class=\"ayg-thumbnail-caption\">\n         \n\n        \n            <\/div>           \n<\/div>            <\/div>\n                    <div class=\"ayg-item ayg-col ayg-col-3\">\n                \n<div class=\"ayg-thumbnail\" data-id=\"eX4BCo57QuM\" data-title=\"Realiz\u00e1cia od A-Z K\u00fapacie Jazero s japonsk\u00fdmi Koi - kaprami.\" data-url=\"\">\n    <div class=\"ayg-thumbnail-image-wrapper\">\n                <img decoding=\"async\" src=\"https:\/\/i.ytimg.com\/vi\/eX4BCo57QuM\/hqdefault.jpg\" class=\"ayg-thumbnail-image\" alt=\"Realiz\u00e1cia od A-Z K\u00fapacie Jazero s japonsk\u00fdmi Koi - kaprami.\" \/>\n\n        <svg class=\"ayg-icon ayg-thumbnail-icon-play\" width=\"32\" height=\"32\" viewBox=\"0 0 32 32\" fill=\"#fff\">\n            <path d=\"M16 0c-8.837 0-16 7.163-16 16s7.163 16 16 16 16-7.163 16-16-7.163-16-16-16zM16 29c-7.18 0-13-5.82-13-13s5.82-13 13-13 13 5.82 13 13-5.82 13-13 13zM12 9l12 7-12 7z\"><\/path>\n        <\/svg>\n\n        <div class=\"ayg-thumbnail-active\" style=\"display: none;\">active<\/div>\n    <\/div>\n\n    <div class=\"ayg-thumbnail-caption\">\n         \n\n        \n            <\/div>           \n<\/div>            <\/div>\n                    <div class=\"ayg-item ayg-col ayg-col-3\">\n                \n<div class=\"ayg-thumbnail\" data-id=\"mMzSSt3eua4\" data-title=\"Okrasn\u00e9 jazierko s vodop\u00e1dom - Lukas Garden\" data-url=\"\">\n    <div class=\"ayg-thumbnail-image-wrapper\">\n                <img decoding=\"async\" src=\"https:\/\/i.ytimg.com\/vi\/mMzSSt3eua4\/hqdefault.jpg\" class=\"ayg-thumbnail-image\" alt=\"Okrasn\u00e9 jazierko s vodop\u00e1dom - Lukas Garden\" \/>\n\n        <svg class=\"ayg-icon ayg-thumbnail-icon-play\" width=\"32\" height=\"32\" viewBox=\"0 0 32 32\" fill=\"#fff\">\n            <path d=\"M16 0c-8.837 0-16 7.163-16 16s7.163 16 16 16 16-7.163 16-16-7.163-16-16-16zM16 29c-7.18 0-13-5.82-13-13s5.82-13 13-13 13 5.82 13 13-5.82 13-13 13zM12 9l12 7-12 7z\"><\/path>\n        <\/svg>\n\n        <div class=\"ayg-thumbnail-active\" style=\"display: none;\">active<\/div>\n    <\/div>\n\n    <div class=\"ayg-thumbnail-caption\">\n         \n\n        \n            <\/div>           \n<\/div>            <\/div>\n                    <div class=\"ayg-item ayg-col ayg-col-3\">\n                \n<div class=\"ayg-thumbnail\" data-id=\"sJFhHhuPAUk\" data-title=\"Realiz\u00e1cia z\u00e1hradn\u00e9ho jazierka - Lukas Garden\" data-url=\"\">\n    <div class=\"ayg-thumbnail-image-wrapper\">\n                <img decoding=\"async\" src=\"https:\/\/i.ytimg.com\/vi\/sJFhHhuPAUk\/hqdefault.jpg\" class=\"ayg-thumbnail-image\" alt=\"Realiz\u00e1cia z\u00e1hradn\u00e9ho jazierka - Lukas Garden\" \/>\n\n        <svg class=\"ayg-icon ayg-thumbnail-icon-play\" width=\"32\" height=\"32\" viewBox=\"0 0 32 32\" fill=\"#fff\">\n            <path d=\"M16 0c-8.837 0-16 7.163-16 16s7.163 16 16 16 16-7.163 16-16-7.163-16-16-16zM16 29c-7.18 0-13-5.82-13-13s5.82-13 13-13 13 5.82 13 13-5.82 13-13 13zM12 9l12 7-12 7z\"><\/path>\n        <\/svg>\n\n        <div class=\"ayg-thumbnail-active\" style=\"display: none;\">active<\/div>\n    <\/div>\n\n    <div class=\"ayg-thumbnail-caption\">\n         \n\n        \n            <\/div>           \n<\/div>            <\/div>\n            <\/div>\n\n    <!-- Pagination -->    \n    <\/div>\n<\/div>\n\t\t\t\t<\/div>\n\t\t\t\t<\/div>\n\t\t\t\t\t<\/div>\n\t\t<\/div>\n\t\t\t\t\t\t\t<\/div>\n\t\t<\/div>\n\t\t\t\t\t\t\t<\/div>\n\t\t","protected":false},"excerpt":{"rendered":"","protected":false},"author":1,"featured_media":0,"parent":0,"menu_order":0,"comment_status":"closed","ping_status":"closed","template":"elementor_header_footer","meta":{"om_disable_all_campaigns":false,"_mi_skip_tracking":false,"footnotes":""},"class_list":["post-238","page","type-page","status-publish","hentry"],"aioseo_notices":[],"_links":{"self":[{"href":"https:\/\/www.jazierkalukas.sk\/index.php?rest_route=\/wp\/v2\/pages\/238","targetHints":{"allow":["GET"]}}],"collection":[{"href":"https:\/\/www.jazierkalukas.sk\/index.php?rest_route=\/wp\/v2\/pages"}],"about":[{"href":"https:\/\/www.jazierkalukas.sk\/index.php?rest_route=\/wp\/v2\/types\/page"}],"author":[{"embeddable":true,"href":"https:\/\/www.jazierkalukas.sk\/index.php?rest_route=\/wp\/v2\/users\/1"}],"replies":[{"embeddable":true,"href":"https:\/\/www.jazierkalukas.sk\/index.php?rest_route=%2Fwp%2Fv2%2Fcomments&post=238"}],"version-history":[{"count":13,"href":"https:\/\/www.jazierkalukas.sk\/index.php?rest_route=\/wp\/v2\/pages\/238\/revisions"}],"predecessor-version":[{"id":860,"href":"https:\/\/www.jazierkalukas.sk\/index.php?rest_route=\/wp\/v2\/pages\/238\/revisions\/860"}],"wp:attachment":[{"href":"https:\/\/www.jazierkalukas.sk\/index.php?rest_route=%2Fwp%2Fv2%2Fmedia&parent=238"}],"curies":[{"name":"wp","href":"https:\/\/api.w.org\/{rel}","templated":true}]}}